{"id":1469,"date":"2024-11-03T10:59:51","date_gmt":"2024-11-03T09:59:51","guid":{"rendered":"https:\/\/biomania.hr\/?page_id=1469"},"modified":"2026-01-30T18:27:05","modified_gmt":"2026-01-30T17:27:05","slug":"prilika-za-posao-zagreb","status":"publish","type":"page","link":"https:\/\/biomania.hr\/hr\/prilika-za-posao-zagreb\/","title":{"rendered":"Prilika za  posao"},"content":{"rendered":"<p>BioMania je mjesto na kojem te\u017eimo stvaranju uravnote\u017eenih sezonskih jelovnika uz upotrebu najkvalitetnijih svje\u017eih, lokalnih i organskih sastojaka. Okupljamo ljude oko kuhinje bazirane na biljnoj prehrani te pokazujemo da zdrava hrana, osim \u0161to pru\u017ea veliku nutritivnu vrijednost, mo\u017ee biti kreativna i ukusna; i sve to uz potpuno po\u0161tivanje okoli\u0161a.<\/p>\n<p>Na\u0161 idealni kandidat je motiviran, organiziran, dosljedan, pouzdan, s odli\u010dnim znanjem engleskog jezika.<\/p>\n<p><strong>Nudimo:<\/strong><\/p>\n<p>Priliku da postanete dio jedinstvenog \u2018forward-thinking\u2019 tima koji ima za cilj promijeniti postoje\u0107u paradigmu u industriji hrane, ugostiteljstvu i uslu\u017enim djelatnostima.<\/p>\n<p>Ponuda uklju\u010duje edukaciju, motiviraju\u0107e radne uvjete i atmosferu, osiguran smje\u0161taj* i dnevni obrok, atraktivne prihode ovisno o poziciji, radnom iskustvu te u\u010dinku.<\/p>\n<p>Ako ste zainteresirani, molimo po\u0161aljite svoj \u017eivotopis i motivacijsko pismo navode\u0107i za koje se radno mjesto(a) prijavljujete na <a href=\"mailto:info@biomania.hr\" target=\"_blank\" rel=\"noopener\"><strong>info@biomania.hr<\/strong><\/a>.<\/p>\n<p><em>*Restoran u Bolu<\/em><\/p>\n","protected":false},"excerpt":{"rendered":"<p>BioMania je mjesto na kojem te\u017eimo stvaranju uravnote\u017eenih sezonskih jelovnika uz upotrebu najkvalitetnijih svje\u017eih, lokalnih i organskih sastojaka. Okupljamo ljude oko kuhinje bazirane na biljnoj prehrani te pokazujemo da zdrava hrana, osim \u0161to pru\u017ea veliku nutritivnu vrijednost, mo\u017ee biti kreativna i ukusna; i sve to uz potpuno po\u0161tivanje okoli\u0161a. Na\u0161 idealni kandidat je motiviran, organiziran, dosljedan, pouzdan, s odli\u010dnim znanjem engleskog jezika. Nudimo: Priliku da postanete dio jedinstvenog \u2018forward-thinking\u2019 tima &#8230;<\/p>\n","protected":false},"author":1,"featured_media":1520,"parent":0,"menu_order":12,"comment_status":"closed","ping_status":"closed","template":"template-jobs.php","meta":{"_acf_changed":false,"inline_featured_image":false,"footnotes":""},"class_list":["post-1469","page","type-page","status-publish","has-post-thumbnail","hentry"],"acf":[],"yoast_head":"<!-- This site is optimized with the Yoast SEO plugin v27.0 - https:\/\/yoast.com\/product\/yoast-seo-wordpress\/ -->\n<title>Prilika za posao - Biomania<\/title>\n<meta name=\"robots\" content=\"index, follow, max-snippet:-1, max-image-preview:large, max-video-preview:-1\" \/>\n<link rel=\"canonical\" href=\"https:\/\/biomania.hr\/hr\/prilika-za-posao-zagreb\/\" \/>\n<meta property=\"og:locale\" content=\"hr_HR\" \/>\n<meta property=\"og:type\" content=\"article\" \/>\n<meta property=\"og:title\" content=\"Prilika za posao - Biomania\" \/>\n<meta property=\"og:description\" content=\"BioMania je mjesto na kojem te\u017eimo stvaranju uravnote\u017eenih sezonskih jelovnika uz upotrebu najkvalitetnijih svje\u017eih, lokalnih i organskih sastojaka. Okupljamo ljude oko kuhinje bazirane na biljnoj prehrani te pokazujemo da zdrava hrana, osim \u0161to pru\u017ea veliku nutritivnu vrijednost, mo\u017ee biti kreativna i ukusna; i sve to uz potpuno po\u0161tivanje okoli\u0161a. Na\u0161 idealni kandidat je motiviran, organiziran, dosljedan, pouzdan, s odli\u010dnim znanjem engleskog jezika. Nudimo: Priliku da postanete dio jedinstvenog \u2018forward-thinking\u2019 tima ...\" \/>\n<meta property=\"og:url\" content=\"https:\/\/biomania.hr\/hr\/prilika-za-posao-zagreb\/\" \/>\n<meta property=\"og:site_name\" content=\"Biomania\" \/>\n<meta property=\"article:modified_time\" content=\"2026-01-30T17:27:05+00:00\" \/>\n<meta property=\"og:image\" content=\"https:\/\/biomania.hr\/wp-content\/uploads\/2024\/11\/job-banner-1.avif\" \/>\n\t<meta property=\"og:image:width\" content=\"1920\" \/>\n\t<meta property=\"og:image:height\" content=\"747\" \/>\n\t<meta property=\"og:image:type\" content=\"image\/jpeg\" \/>\n<meta name=\"twitter:card\" content=\"summary_large_image\" \/>\n<meta name=\"twitter:label1\" content=\"Procijenjeno vrijeme \u010ditanja\" \/>\n\t<meta name=\"twitter:data1\" content=\"1 minuta\" \/>\n<script type=\"application\/ld+json\" class=\"yoast-schema-graph\">{\"@context\":\"https:\/\/schema.org\",\"@graph\":[{\"@type\":\"WebPage\",\"@id\":\"https:\/\/biomania.hr\/hr\/prilika-za-posao-zagreb\/\",\"url\":\"https:\/\/biomania.hr\/hr\/prilika-za-posao-zagreb\/\",\"name\":\"Prilika za posao - Biomania\",\"isPartOf\":{\"@id\":\"https:\/\/biomania.hr\/hr\/#website\"},\"primaryImageOfPage\":{\"@id\":\"https:\/\/biomania.hr\/hr\/prilika-za-posao-zagreb\/#primaryimage\"},\"image\":{\"@id\":\"https:\/\/biomania.hr\/hr\/prilika-za-posao-zagreb\/#primaryimage\"},\"thumbnailUrl\":\"https:\/\/biomania.hr\/wp-content\/uploads\/2024\/11\/job-banner-1.avif\",\"datePublished\":\"2024-11-03T09:59:51+00:00\",\"dateModified\":\"2026-01-30T17:27:05+00:00\",\"breadcrumb\":{\"@id\":\"https:\/\/biomania.hr\/hr\/prilika-za-posao-zagreb\/#breadcrumb\"},\"inLanguage\":\"hr\",\"potentialAction\":[{\"@type\":\"ReadAction\",\"target\":[\"https:\/\/biomania.hr\/hr\/prilika-za-posao-zagreb\/\"]}]},{\"@type\":\"ImageObject\",\"inLanguage\":\"hr\",\"@id\":\"https:\/\/biomania.hr\/hr\/prilika-za-posao-zagreb\/#primaryimage\",\"url\":\"https:\/\/biomania.hr\/wp-content\/uploads\/2024\/11\/job-banner-1.avif\",\"contentUrl\":\"https:\/\/biomania.hr\/wp-content\/uploads\/2024\/11\/job-banner-1.avif\",\"width\":1920,\"height\":747,\"caption\":\"job oportuity in Zagreb\"},{\"@type\":\"BreadcrumbList\",\"@id\":\"https:\/\/biomania.hr\/hr\/prilika-za-posao-zagreb\/#breadcrumb\",\"itemListElement\":[{\"@type\":\"ListItem\",\"position\":1,\"name\":\"Home\",\"item\":\"https:\/\/biomania.hr\/hr\/\"},{\"@type\":\"ListItem\",\"position\":2,\"name\":\"Prilika za posao\"}]},{\"@type\":\"WebSite\",\"@id\":\"https:\/\/biomania.hr\/hr\/#website\",\"url\":\"https:\/\/biomania.hr\/hr\/\",\"name\":\"Biomania\",\"description\":\"Zdrava, veganska, organska hrana i namirnice\",\"publisher\":{\"@id\":\"https:\/\/biomania.hr\/hr\/#organization\"},\"potentialAction\":[{\"@type\":\"SearchAction\",\"target\":{\"@type\":\"EntryPoint\",\"urlTemplate\":\"https:\/\/biomania.hr\/hr\/?s={search_term_string}\"},\"query-input\":{\"@type\":\"PropertyValueSpecification\",\"valueRequired\":true,\"valueName\":\"search_term_string\"}}],\"inLanguage\":\"hr\"},{\"@type\":\"Organization\",\"@id\":\"https:\/\/biomania.hr\/hr\/#organization\",\"name\":\"BioMania\",\"url\":\"https:\/\/biomania.hr\/hr\/\",\"logo\":{\"@type\":\"ImageObject\",\"inLanguage\":\"hr\",\"@id\":\"https:\/\/biomania.hr\/hr\/#\/schema\/logo\/image\/\",\"url\":\"https:\/\/biomania.hr\/wp-content\/uploads\/2022\/04\/logo.svg\",\"contentUrl\":\"https:\/\/biomania.hr\/wp-content\/uploads\/2022\/04\/logo.svg\",\"width\":302,\"height\":90,\"caption\":\"BioMania\"},\"image\":{\"@id\":\"https:\/\/biomania.hr\/hr\/#\/schema\/logo\/image\/\"}}]}<\/script>\n<!-- \/ Yoast SEO plugin. -->","yoast_head_json":{"title":"Prilika za posao - Biomania","robots":{"index":"index","follow":"follow","max-snippet":"max-snippet:-1","max-image-preview":"max-image-preview:large","max-video-preview":"max-video-preview:-1"},"canonical":"https:\/\/biomania.hr\/hr\/prilika-za-posao-zagreb\/","og_locale":"hr_HR","og_type":"article","og_title":"Prilika za posao - Biomania","og_description":"BioMania je mjesto na kojem te\u017eimo stvaranju uravnote\u017eenih sezonskih jelovnika uz upotrebu najkvalitetnijih svje\u017eih, lokalnih i organskih sastojaka. Okupljamo ljude oko kuhinje bazirane na biljnoj prehrani te pokazujemo da zdrava hrana, osim \u0161to pru\u017ea veliku nutritivnu vrijednost, mo\u017ee biti kreativna i ukusna; i sve to uz potpuno po\u0161tivanje okoli\u0161a. Na\u0161 idealni kandidat je motiviran, organiziran, dosljedan, pouzdan, s odli\u010dnim znanjem engleskog jezika. Nudimo: Priliku da postanete dio jedinstvenog \u2018forward-thinking\u2019 tima ...","og_url":"https:\/\/biomania.hr\/hr\/prilika-za-posao-zagreb\/","og_site_name":"Biomania","article_modified_time":"2026-01-30T17:27:05+00:00","og_image":[{"width":1920,"height":747,"url":"https:\/\/biomania.hr\/wp-content\/uploads\/2024\/11\/job-banner-1.avif","type":"image\/jpeg"}],"twitter_card":"summary_large_image","twitter_misc":{"Procijenjeno vrijeme \u010ditanja":"1 minuta"},"schema":{"@context":"https:\/\/schema.org","@graph":[{"@type":"WebPage","@id":"https:\/\/biomania.hr\/hr\/prilika-za-posao-zagreb\/","url":"https:\/\/biomania.hr\/hr\/prilika-za-posao-zagreb\/","name":"Prilika za posao - Biomania","isPartOf":{"@id":"https:\/\/biomania.hr\/hr\/#website"},"primaryImageOfPage":{"@id":"https:\/\/biomania.hr\/hr\/prilika-za-posao-zagreb\/#primaryimage"},"image":{"@id":"https:\/\/biomania.hr\/hr\/prilika-za-posao-zagreb\/#primaryimage"},"thumbnailUrl":"https:\/\/biomania.hr\/wp-content\/uploads\/2024\/11\/job-banner-1.avif","datePublished":"2024-11-03T09:59:51+00:00","dateModified":"2026-01-30T17:27:05+00:00","breadcrumb":{"@id":"https:\/\/biomania.hr\/hr\/prilika-za-posao-zagreb\/#breadcrumb"},"inLanguage":"hr","potentialAction":[{"@type":"ReadAction","target":["https:\/\/biomania.hr\/hr\/prilika-za-posao-zagreb\/"]}]},{"@type":"ImageObject","inLanguage":"hr","@id":"https:\/\/biomania.hr\/hr\/prilika-za-posao-zagreb\/#primaryimage","url":"https:\/\/biomania.hr\/wp-content\/uploads\/2024\/11\/job-banner-1.avif","contentUrl":"https:\/\/biomania.hr\/wp-content\/uploads\/2024\/11\/job-banner-1.avif","width":1920,"height":747,"caption":"job oportuity in Zagreb"},{"@type":"BreadcrumbList","@id":"https:\/\/biomania.hr\/hr\/prilika-za-posao-zagreb\/#breadcrumb","itemListElement":[{"@type":"ListItem","position":1,"name":"Home","item":"https:\/\/biomania.hr\/hr\/"},{"@type":"ListItem","position":2,"name":"Prilika za posao"}]},{"@type":"WebSite","@id":"https:\/\/biomania.hr\/hr\/#website","url":"https:\/\/biomania.hr\/hr\/","name":"Biomania","description":"Zdrava, veganska, organska hrana i namirnice","publisher":{"@id":"https:\/\/biomania.hr\/hr\/#organization"},"potentialAction":[{"@type":"SearchAction","target":{"@type":"EntryPoint","urlTemplate":"https:\/\/biomania.hr\/hr\/?s={search_term_string}"},"query-input":{"@type":"PropertyValueSpecification","valueRequired":true,"valueName":"search_term_string"}}],"inLanguage":"hr"},{"@type":"Organization","@id":"https:\/\/biomania.hr\/hr\/#organization","name":"BioMania","url":"https:\/\/biomania.hr\/hr\/","logo":{"@type":"ImageObject","inLanguage":"hr","@id":"https:\/\/biomania.hr\/hr\/#\/schema\/logo\/image\/","url":"https:\/\/biomania.hr\/wp-content\/uploads\/2022\/04\/logo.svg","contentUrl":"https:\/\/biomania.hr\/wp-content\/uploads\/2022\/04\/logo.svg","width":302,"height":90,"caption":"BioMania"},"image":{"@id":"https:\/\/biomania.hr\/hr\/#\/schema\/logo\/image\/"}}]}},"_links":{"self":[{"href":"https:\/\/biomania.hr\/hr\/wp-json\/wp\/v2\/pages\/1469","targetHints":{"allow":["GET"]}}],"collection":[{"href":"https:\/\/biomania.hr\/hr\/wp-json\/wp\/v2\/pages"}],"about":[{"href":"https:\/\/biomania.hr\/hr\/wp-json\/wp\/v2\/types\/page"}],"author":[{"embeddable":true,"href":"https:\/\/biomania.hr\/hr\/wp-json\/wp\/v2\/users\/1"}],"replies":[{"embeddable":true,"href":"https:\/\/biomania.hr\/hr\/wp-json\/wp\/v2\/comments?post=1469"}],"version-history":[{"count":12,"href":"https:\/\/biomania.hr\/hr\/wp-json\/wp\/v2\/pages\/1469\/revisions"}],"predecessor-version":[{"id":2417,"href":"https:\/\/biomania.hr\/hr\/wp-json\/wp\/v2\/pages\/1469\/revisions\/2417"}],"wp:featuredmedia":[{"embeddable":true,"href":"https:\/\/biomania.hr\/hr\/wp-json\/wp\/v2\/media\/1520"}],"wp:attachment":[{"href":"https:\/\/biomania.hr\/hr\/wp-json\/wp\/v2\/media?parent=1469"}],"curies":[{"name":"wp","href":"https:\/\/api.w.org\/{rel}","templated":true}]}}