{"id":1921,"date":"2024-05-27T07:32:56","date_gmt":"2024-05-27T05:32:56","guid":{"rendered":"https:\/\/biomania.hr\/?page_id=1921"},"modified":"2025-04-27T11:44:44","modified_gmt":"2025-04-27T09:44:44","slug":"dobrodosli-u-restoran-biomania-kulinarskom-dragulju-otoka-braca","status":"publish","type":"page","link":"https:\/\/biomania.hr\/hr\/dobrodosli-u-restoran-biomania-kulinarskom-dragulju-otoka-braca\/","title":{"rendered":"Dobrodo\u0161li u restoran Biomania u Bolu &#8211; kulinarskom dragulju otoka Bra\u010da"},"content":{"rendered":"<h2>Za\u0161to je BioMania najbolji restoran u Bolu na Bra\u010du<\/h2>\n<p>Me\u0111u brojnim restoranima u Bolu na otoku Bra\u010du, <strong>BioMania<\/strong> se izdvaja kao najbolji izbor, i to iz vi\u0161e razloga \u2013 ponajprije zbog predanosti predstavljanju najboljih okusa otoka na zdrav i ukusan na\u010din.<br \/>\n<strong>BioMania nije samo jo\u0161 jedan restoran u Bolu<\/strong> \u2013 to je odr\u017eiva misija i iskustvo zdrave, ukusne prehrane. Na\u0161a nepokolebljiva posve\u0107enost odr\u017eivosti, ekolo\u0161kim principima i kori\u0161tenju organskih, lokalnih sastojaka s Bra\u010da \u010dini nas druga\u010dijima. Ne fokusiramo se samo na okus i kvalitetu jela, ve\u0107 i na zdravlje na\u0161ih gostiju i planeta.<br \/>\nNa\u0161 raznovrstan jelovnik nudi ne\u0161to za svakoga \u2013 bilo da ste veganski entuzijast ili samo znati\u017eeljnik koji \u017eeli istra\u017eiti na\u0161u <em>Plant Based<\/em> kuhinju. Uz ukusne opcije poput BioMania burgera, falafel zdjele i rasko\u0161nih deserata, jam\u010dimo da \u0107e va\u0161 <em>gastronomski do\u017eivljaj u Bol<\/em>u biti nezaboravan.<\/p>\n<p>Topla i gostoljubiva atmosfera na\u0161eg restorana, uz vrhunsku uslugu, \u010dini ga idealnim mjestom za opu\u0161tanje i u\u017eivanje u ukusnoj hrani s prijateljima i obitelji tijekom odmora na otoku. Kada je rije\u010d o restoranima u Bolu, BioMania zaista prednja\u010di kao <strong>vrhunska destinacija za odr\u017eivu, organsku i jednostavno \u2013 izvrsnu kuhinju<\/strong>.<\/p>\n<p>Od podr\u0161ke lokalnim proizvo\u0111a\u010dima, preko upotrebe organskih namirnica do minimaliziranja otpada, BioMania vodi brigu o odr\u017eivosti u svakom segmentu poslovanja. Do\u017eivite razliku koju \u010dini biljna kuhinja utemeljena na ekolo\u0161kim principima!<\/p>\n<div class=\"entry-image\"><img loading=\"lazy\" decoding=\"async\" class=\"alignnone wp-image-1254 size-large\" src=\"https:\/\/biomania.hr\/wp-content\/uploads\/2024\/05\/398448427_1283821732326165_9062556386233528410_n-1024x546.jpg\" alt=\"Plant-based cuisine at the best restaurant in Bol, Brac Island\" width=\"800\" height=\"427\" srcset=\"https:\/\/biomania.hr\/wp-content\/uploads\/2024\/05\/398448427_1283821732326165_9062556386233528410_n-1024x546.jpg 1024w, https:\/\/biomania.hr\/wp-content\/uploads\/2024\/05\/398448427_1283821732326165_9062556386233528410_n-300x160.jpg 300w, https:\/\/biomania.hr\/wp-content\/uploads\/2024\/05\/398448427_1283821732326165_9062556386233528410_n-768x410.jpg 768w, https:\/\/biomania.hr\/wp-content\/uploads\/2024\/05\/398448427_1283821732326165_9062556386233528410_n.avif 1440w\" sizes=\"auto, (max-width: 800px) 100vw, 800px\" \/><\/div>\n<h2>Najbolja lokacija restorana na cijelom Bra\u010du \u2013 Jedinstvena atmosfera<\/h2>\n<p>Na\u0161 restoran nalazi se u \u017eivopisnom centru Bola! Upravo zato s ponosom mo\u017eemo re\u0107i da BioMania ima najbolju lokaciju restorana na cijelom otoku Bra\u010du.<\/p>\n<p>Zamislite da u\u017eivate u ukusnoj <em>Plant Based kuhinji<\/em> s pogledon na kristalno \u010disto more koje je mjesto <strong>Bol na Bra\u010du<\/strong> proslavilo diljem svijeta.<\/p>\n<p>Niti jedan drugi restoran u Bolu ne mo\u017ee se usporediti s ovim idili\u010dnim okru\u017eenjem i spokojnom atmosferom koju BioMania pru\u017ea \u2013 savr\u0161ena kulisa za nezaboravan obrok koji do\u010darava su\u0161tinu prirodne ljepote otoka Bra\u010da i grada Bola.<\/p>\n<div class=\"entry-image\"><img loading=\"lazy\" decoding=\"async\" class=\"alignnone wp-image-1257 size-large\" src=\"https:\/\/biomania.hr\/wp-content\/uploads\/2024\/05\/Untitled-1-1024x660.jpg\" alt=\"Organic ingredients used at BioMania, the best restaurant in Bol, Brac Island\" width=\"800\" height=\"516\" srcset=\"https:\/\/biomania.hr\/wp-content\/uploads\/2024\/05\/Untitled-1-1024x660.jpg 1024w, https:\/\/biomania.hr\/wp-content\/uploads\/2024\/05\/Untitled-1-300x193.jpg 300w, https:\/\/biomania.hr\/wp-content\/uploads\/2024\/05\/Untitled-1-768x495.jpg 768w, https:\/\/biomania.hr\/wp-content\/uploads\/2024\/05\/Untitled-1.avif 1440w\" sizes=\"auto, (max-width: 800px) 100vw, 800px\" \/><\/div>\n<h2>BioMania deserti i torte \u2013 savr\u0161en zavr\u0161etak posjeta Bolu<\/h2>\n<p>U BioManiji vjerujemo da svaki obrok treba zavr\u0161iti slatkom notom. Zato s ponosom predstavljamo na\u0161 izbor rasko\u0161nih deserata i torti.<\/p>\n<p>Na\u0161i deserti pa\u017eljivo su osmi\u0161ljeni kako bi proslavili okuse, teksture i kvalitetne sastojke. Od so\u010dnih \u010dokoladnih browniesa do osvje\u017eavaju\u0107ih chia zdjelica s vo\u0107em \u2013 svaki desert odra\u017eava na\u0161u posve\u0107enost stvaranju nezaboravnog iskustva.<\/p>\n<p>Torte su pravo bogatstvo na\u0161eg restorana \u2013 ne samo da vizualno odu\u0161evljavaju, nego i nude vrhunski okus. Bilo da \u017eudite za bogatom \u010dokoladnom tortom ili nje\u017enom vo\u0107nom kombinacijom, na\u0161i slatki zalogaji zasigurno \u0107e vas osvojiti.<\/p>\n<p>Posjetite nas i do\u017eivite slatke u\u017eitke otoka Bra\u010da, pripremljene s jednakom pa\u017enjom kao i na\u0161a slana jela. Savr\u0161en zavr\u0161etak va\u0161eg gastro putovanja!<\/p>\n<div class=\"entry-image\"><img loading=\"lazy\" decoding=\"async\" class=\"alignnone size-large wp-image-1701\" src=\"https:\/\/biomania.hr\/wp-content\/uploads\/2022\/04\/bol0-1024x688.jpg\" alt=\"\" width=\"800\" height=\"538\" srcset=\"https:\/\/biomania.hr\/wp-content\/uploads\/2022\/04\/bol0-1024x688.jpg 1024w, https:\/\/biomania.hr\/wp-content\/uploads\/2022\/04\/bol0-300x202.jpg 300w, https:\/\/biomania.hr\/wp-content\/uploads\/2022\/04\/bol0-768x516.jpg 768w, https:\/\/biomania.hr\/wp-content\/uploads\/2022\/04\/bol0.avif 1241w\" sizes=\"auto, (max-width: 800px) 100vw, 800px\" \/><\/div>\n<h2>Do\u017eivite BioManiju \u2013 dragulj me\u0111u restoranima na Bra\u010du i va\u0161 omiljeni restoran u Bolu<\/h2>\n<p>Kada posje\u0107ujete Bol na otoku Bra\u010du, \u017eelite u\u017eivati u gastronomskoj ponudi na najboljoj mogu\u0107oj lokaciji. \u017delite provesti vrijeme u ugodnom prostoru koji nudi ukusna jela, ali i po\u0161tuje va\u0161e zdravlje i prirodu.<\/p>\n<p>Restoran BioMania ima sve to. To nije samo mjesto gdje se jede \u2013 to je slavlje \u017eivota, zdravlja i mediteranskog na\u010dina \u017eivljenja otoka Bra\u010da, i to na organski, odr\u017eiv na\u010din.<\/p>\n<p>Na\u0161 bogat, zdrav i ukusan jelovnik te gostoljubiva atmosfera \u010dine nas savr\u0161enim izborom za svakoga tko tra\u017ei <strong>najbolje restorane u Bolu<\/strong> tijekom posjeta Hrvatskoj.<\/p>\n<p>Pitate se gdje jesti ako \u017eelite autenti\u010dan, zdrav i organski do\u017eivljaj Bra\u010da? Ne tra\u017eite dalje. \u010cak i ako posjetite druge restorane u Bolu, brzo \u0107ete otkriti da su na\u0161a jela zaista posebna. BioMania nije samo restoran \u2013 to je stil \u017eivota. Na\u0161e zdrave specijalitete jednostavno morate probati.<\/p>\n","protected":false},"excerpt":{"rendered":"<p>Za\u0161to je BioMania najbolji restoran u Bolu na Bra\u010du Me\u0111u brojnim restoranima u Bolu na otoku Bra\u010du, BioMania se izdvaja kao najbolji izbor, i to iz vi\u0161e razloga \u2013 ponajprije zbog predanosti predstavljanju najboljih okusa otoka na zdrav i ukusan na\u010din. BioMania nije samo jo\u0161 jedan restoran u Bolu \u2013 to je odr\u017eiva misija i iskustvo zdrave, ukusne prehrane. Na\u0161a nepokolebljiva posve\u0107enost odr\u017eivosti, ekolo\u0161kim principima i kori\u0161tenju organskih, lokalnih sastojaka &#8230;<\/p>\n","protected":false},"author":1,"featured_media":516,"parent":0,"menu_order":16,"comment_status":"closed","ping_status":"closed","template":"","meta":{"_acf_changed":false,"inline_featured_image":false,"footnotes":""},"class_list":["post-1921","page","type-page","status-publish","has-post-thumbnail","hentry"],"acf":[],"yoast_head":"<!-- This site is optimized with the Yoast SEO plugin v27.0 - https:\/\/yoast.com\/product\/yoast-seo-wordpress\/ -->\n<title>Dobrodo\u0161li u restoran Biomania u Bolu - kulinarskom dragulju otoka Bra\u010da - Biomania<\/title>\n<meta name=\"description\" content=\"Otkrijte najbolji restoran u Bolu na otoku Bra\u010du - BioMania. U\u017eivajte u ukusnoj biljnoj kuhinji dok u\u017eivate u prekrasnom pogledu na luku. S raznolikim jelovnikom i odr\u017eivim praksama, ponosni smo \u0161to smo jedan od najbolje ocijenjenih restorana na otoku Bra\u010du. Do\u0111ite i iskusite najbolja mjesta za jelo u Bolu!\" \/>\n<meta name=\"robots\" content=\"index, follow, max-snippet:-1, max-image-preview:large, max-video-preview:-1\" \/>\n<link rel=\"canonical\" href=\"https:\/\/biomania.hr\/hr\/dobrodosli-u-restoran-biomania-kulinarskom-dragulju-otoka-braca\/\" \/>\n<meta property=\"og:locale\" content=\"hr_HR\" \/>\n<meta property=\"og:type\" content=\"article\" \/>\n<meta property=\"og:title\" content=\"Dobrodo\u0161li u restoran Biomania u Bolu - kulinarskom dragulju otoka Bra\u010da - Biomania\" \/>\n<meta property=\"og:description\" content=\"Otkrijte najbolji restoran u Bolu na otoku Bra\u010du - BioMania. U\u017eivajte u ukusnoj biljnoj kuhinji dok u\u017eivate u prekrasnom pogledu na luku. S raznolikim jelovnikom i odr\u017eivim praksama, ponosni smo \u0161to smo jedan od najbolje ocijenjenih restorana na otoku Bra\u010du. Do\u0111ite i iskusite najbolja mjesta za jelo u Bolu!\" \/>\n<meta property=\"og:url\" content=\"https:\/\/biomania.hr\/hr\/dobrodosli-u-restoran-biomania-kulinarskom-dragulju-otoka-braca\/\" \/>\n<meta property=\"og:site_name\" content=\"Biomania\" \/>\n<meta property=\"article:modified_time\" content=\"2025-04-27T09:44:44+00:00\" \/>\n<meta property=\"og:image\" content=\"https:\/\/biomania.hr\/wp-content\/uploads\/2021\/04\/IMG-20210421-WA0005.avif\" \/>\n\t<meta property=\"og:image:width\" content=\"1576\" \/>\n\t<meta property=\"og:image:height\" content=\"1080\" \/>\n\t<meta property=\"og:image:type\" content=\"image\/jpeg\" \/>\n<meta name=\"twitter:card\" content=\"summary_large_image\" \/>\n<meta name=\"twitter:label1\" content=\"Procijenjeno vrijeme \u010ditanja\" \/>\n\t<meta name=\"twitter:data1\" content=\"4 minute\" \/>\n<script type=\"application\/ld+json\" class=\"yoast-schema-graph\">{\"@context\":\"https:\/\/schema.org\",\"@graph\":[{\"@type\":\"WebPage\",\"@id\":\"https:\/\/biomania.hr\/hr\/dobrodosli-u-restoran-biomania-kulinarskom-dragulju-otoka-braca\/\",\"url\":\"https:\/\/biomania.hr\/hr\/dobrodosli-u-restoran-biomania-kulinarskom-dragulju-otoka-braca\/\",\"name\":\"Dobrodo\u0161li u restoran Biomania u Bolu - kulinarskom dragulju otoka Bra\u010da - Biomania\",\"isPartOf\":{\"@id\":\"https:\/\/biomania.hr\/hr\/#website\"},\"primaryImageOfPage\":{\"@id\":\"https:\/\/biomania.hr\/hr\/dobrodosli-u-restoran-biomania-kulinarskom-dragulju-otoka-braca\/#primaryimage\"},\"image\":{\"@id\":\"https:\/\/biomania.hr\/hr\/dobrodosli-u-restoran-biomania-kulinarskom-dragulju-otoka-braca\/#primaryimage\"},\"thumbnailUrl\":\"https:\/\/biomania.hr\/wp-content\/uploads\/2021\/04\/IMG-20210421-WA0005.avif\",\"datePublished\":\"2024-05-27T05:32:56+00:00\",\"dateModified\":\"2025-04-27T09:44:44+00:00\",\"description\":\"Otkrijte najbolji restoran u Bolu na otoku Bra\u010du - BioMania. U\u017eivajte u ukusnoj biljnoj kuhinji dok u\u017eivate u prekrasnom pogledu na luku. S raznolikim jelovnikom i odr\u017eivim praksama, ponosni smo \u0161to smo jedan od najbolje ocijenjenih restorana na otoku Bra\u010du. Do\u0111ite i iskusite najbolja mjesta za jelo u Bolu!\",\"breadcrumb\":{\"@id\":\"https:\/\/biomania.hr\/hr\/dobrodosli-u-restoran-biomania-kulinarskom-dragulju-otoka-braca\/#breadcrumb\"},\"inLanguage\":\"hr\",\"potentialAction\":[{\"@type\":\"ReadAction\",\"target\":[\"https:\/\/biomania.hr\/hr\/dobrodosli-u-restoran-biomania-kulinarskom-dragulju-otoka-braca\/\"]}]},{\"@type\":\"ImageObject\",\"inLanguage\":\"hr\",\"@id\":\"https:\/\/biomania.hr\/hr\/dobrodosli-u-restoran-biomania-kulinarskom-dragulju-otoka-braca\/#primaryimage\",\"url\":\"https:\/\/biomania.hr\/wp-content\/uploads\/2021\/04\/IMG-20210421-WA0005.avif\",\"contentUrl\":\"https:\/\/biomania.hr\/wp-content\/uploads\/2021\/04\/IMG-20210421-WA0005.avif\",\"width\":1576,\"height\":1080,\"caption\":\"Biomania best vegan\/vegetarian restaurant Bol island Bra\u010d\"},{\"@type\":\"BreadcrumbList\",\"@id\":\"https:\/\/biomania.hr\/hr\/dobrodosli-u-restoran-biomania-kulinarskom-dragulju-otoka-braca\/#breadcrumb\",\"itemListElement\":[{\"@type\":\"ListItem\",\"position\":1,\"name\":\"Home\",\"item\":\"https:\/\/biomania.hr\/hr\/\"},{\"@type\":\"ListItem\",\"position\":2,\"name\":\"Dobrodo\u0161li u restoran Biomania u Bolu &#8211; kulinarskom dragulju otoka Bra\u010da\"}]},{\"@type\":\"WebSite\",\"@id\":\"https:\/\/biomania.hr\/hr\/#website\",\"url\":\"https:\/\/biomania.hr\/hr\/\",\"name\":\"Biomania\",\"description\":\"Zdrava, veganska, organska hrana i namirnice\",\"publisher\":{\"@id\":\"https:\/\/biomania.hr\/hr\/#organization\"},\"potentialAction\":[{\"@type\":\"SearchAction\",\"target\":{\"@type\":\"EntryPoint\",\"urlTemplate\":\"https:\/\/biomania.hr\/hr\/?s={search_term_string}\"},\"query-input\":{\"@type\":\"PropertyValueSpecification\",\"valueRequired\":true,\"valueName\":\"search_term_string\"}}],\"inLanguage\":\"hr\"},{\"@type\":\"Organization\",\"@id\":\"https:\/\/biomania.hr\/hr\/#organization\",\"name\":\"BioMania\",\"url\":\"https:\/\/biomania.hr\/hr\/\",\"logo\":{\"@type\":\"ImageObject\",\"inLanguage\":\"hr\",\"@id\":\"https:\/\/biomania.hr\/hr\/#\/schema\/logo\/image\/\",\"url\":\"https:\/\/biomania.hr\/wp-content\/uploads\/2022\/04\/logo.svg\",\"contentUrl\":\"https:\/\/biomania.hr\/wp-content\/uploads\/2022\/04\/logo.svg\",\"width\":302,\"height\":90,\"caption\":\"BioMania\"},\"image\":{\"@id\":\"https:\/\/biomania.hr\/hr\/#\/schema\/logo\/image\/\"}}]}<\/script>\n<!-- \/ Yoast SEO plugin. -->","yoast_head_json":{"title":"Dobrodo\u0161li u restoran Biomania u Bolu - kulinarskom dragulju otoka Bra\u010da - Biomania","description":"Otkrijte najbolji restoran u Bolu na otoku Bra\u010du - BioMania. U\u017eivajte u ukusnoj biljnoj kuhinji dok u\u017eivate u prekrasnom pogledu na luku. S raznolikim jelovnikom i odr\u017eivim praksama, ponosni smo \u0161to smo jedan od najbolje ocijenjenih restorana na otoku Bra\u010du. Do\u0111ite i iskusite najbolja mjesta za jelo u Bolu!","robots":{"index":"index","follow":"follow","max-snippet":"max-snippet:-1","max-image-preview":"max-image-preview:large","max-video-preview":"max-video-preview:-1"},"canonical":"https:\/\/biomania.hr\/hr\/dobrodosli-u-restoran-biomania-kulinarskom-dragulju-otoka-braca\/","og_locale":"hr_HR","og_type":"article","og_title":"Dobrodo\u0161li u restoran Biomania u Bolu - kulinarskom dragulju otoka Bra\u010da - Biomania","og_description":"Otkrijte najbolji restoran u Bolu na otoku Bra\u010du - BioMania. U\u017eivajte u ukusnoj biljnoj kuhinji dok u\u017eivate u prekrasnom pogledu na luku. S raznolikim jelovnikom i odr\u017eivim praksama, ponosni smo \u0161to smo jedan od najbolje ocijenjenih restorana na otoku Bra\u010du. Do\u0111ite i iskusite najbolja mjesta za jelo u Bolu!","og_url":"https:\/\/biomania.hr\/hr\/dobrodosli-u-restoran-biomania-kulinarskom-dragulju-otoka-braca\/","og_site_name":"Biomania","article_modified_time":"2025-04-27T09:44:44+00:00","og_image":[{"width":1576,"height":1080,"url":"https:\/\/biomania.hr\/wp-content\/uploads\/2021\/04\/IMG-20210421-WA0005.avif","type":"image\/jpeg"}],"twitter_card":"summary_large_image","twitter_misc":{"Procijenjeno vrijeme \u010ditanja":"4 minute"},"schema":{"@context":"https:\/\/schema.org","@graph":[{"@type":"WebPage","@id":"https:\/\/biomania.hr\/hr\/dobrodosli-u-restoran-biomania-kulinarskom-dragulju-otoka-braca\/","url":"https:\/\/biomania.hr\/hr\/dobrodosli-u-restoran-biomania-kulinarskom-dragulju-otoka-braca\/","name":"Dobrodo\u0161li u restoran Biomania u Bolu - kulinarskom dragulju otoka Bra\u010da - Biomania","isPartOf":{"@id":"https:\/\/biomania.hr\/hr\/#website"},"primaryImageOfPage":{"@id":"https:\/\/biomania.hr\/hr\/dobrodosli-u-restoran-biomania-kulinarskom-dragulju-otoka-braca\/#primaryimage"},"image":{"@id":"https:\/\/biomania.hr\/hr\/dobrodosli-u-restoran-biomania-kulinarskom-dragulju-otoka-braca\/#primaryimage"},"thumbnailUrl":"https:\/\/biomania.hr\/wp-content\/uploads\/2021\/04\/IMG-20210421-WA0005.avif","datePublished":"2024-05-27T05:32:56+00:00","dateModified":"2025-04-27T09:44:44+00:00","description":"Otkrijte najbolji restoran u Bolu na otoku Bra\u010du - BioMania. U\u017eivajte u ukusnoj biljnoj kuhinji dok u\u017eivate u prekrasnom pogledu na luku. S raznolikim jelovnikom i odr\u017eivim praksama, ponosni smo \u0161to smo jedan od najbolje ocijenjenih restorana na otoku Bra\u010du. Do\u0111ite i iskusite najbolja mjesta za jelo u Bolu!","breadcrumb":{"@id":"https:\/\/biomania.hr\/hr\/dobrodosli-u-restoran-biomania-kulinarskom-dragulju-otoka-braca\/#breadcrumb"},"inLanguage":"hr","potentialAction":[{"@type":"ReadAction","target":["https:\/\/biomania.hr\/hr\/dobrodosli-u-restoran-biomania-kulinarskom-dragulju-otoka-braca\/"]}]},{"@type":"ImageObject","inLanguage":"hr","@id":"https:\/\/biomania.hr\/hr\/dobrodosli-u-restoran-biomania-kulinarskom-dragulju-otoka-braca\/#primaryimage","url":"https:\/\/biomania.hr\/wp-content\/uploads\/2021\/04\/IMG-20210421-WA0005.avif","contentUrl":"https:\/\/biomania.hr\/wp-content\/uploads\/2021\/04\/IMG-20210421-WA0005.avif","width":1576,"height":1080,"caption":"Biomania best vegan\/vegetarian restaurant Bol island Bra\u010d"},{"@type":"BreadcrumbList","@id":"https:\/\/biomania.hr\/hr\/dobrodosli-u-restoran-biomania-kulinarskom-dragulju-otoka-braca\/#breadcrumb","itemListElement":[{"@type":"ListItem","position":1,"name":"Home","item":"https:\/\/biomania.hr\/hr\/"},{"@type":"ListItem","position":2,"name":"Dobrodo\u0161li u restoran Biomania u Bolu &#8211; kulinarskom dragulju otoka Bra\u010da"}]},{"@type":"WebSite","@id":"https:\/\/biomania.hr\/hr\/#website","url":"https:\/\/biomania.hr\/hr\/","name":"Biomania","description":"Zdrava, veganska, organska hrana i namirnice","publisher":{"@id":"https:\/\/biomania.hr\/hr\/#organization"},"potentialAction":[{"@type":"SearchAction","target":{"@type":"EntryPoint","urlTemplate":"https:\/\/biomania.hr\/hr\/?s={search_term_string}"},"query-input":{"@type":"PropertyValueSpecification","valueRequired":true,"valueName":"search_term_string"}}],"inLanguage":"hr"},{"@type":"Organization","@id":"https:\/\/biomania.hr\/hr\/#organization","name":"BioMania","url":"https:\/\/biomania.hr\/hr\/","logo":{"@type":"ImageObject","inLanguage":"hr","@id":"https:\/\/biomania.hr\/hr\/#\/schema\/logo\/image\/","url":"https:\/\/biomania.hr\/wp-content\/uploads\/2022\/04\/logo.svg","contentUrl":"https:\/\/biomania.hr\/wp-content\/uploads\/2022\/04\/logo.svg","width":302,"height":90,"caption":"BioMania"},"image":{"@id":"https:\/\/biomania.hr\/hr\/#\/schema\/logo\/image\/"}}]}},"_links":{"self":[{"href":"https:\/\/biomania.hr\/hr\/wp-json\/wp\/v2\/pages\/1921","targetHints":{"allow":["GET"]}}],"collection":[{"href":"https:\/\/biomania.hr\/hr\/wp-json\/wp\/v2\/pages"}],"about":[{"href":"https:\/\/biomania.hr\/hr\/wp-json\/wp\/v2\/types\/page"}],"author":[{"embeddable":true,"href":"https:\/\/biomania.hr\/hr\/wp-json\/wp\/v2\/users\/1"}],"replies":[{"embeddable":true,"href":"https:\/\/biomania.hr\/hr\/wp-json\/wp\/v2\/comments?post=1921"}],"version-history":[{"count":2,"href":"https:\/\/biomania.hr\/hr\/wp-json\/wp\/v2\/pages\/1921\/revisions"}],"predecessor-version":[{"id":2037,"href":"https:\/\/biomania.hr\/hr\/wp-json\/wp\/v2\/pages\/1921\/revisions\/2037"}],"wp:featuredmedia":[{"embeddable":true,"href":"https:\/\/biomania.hr\/hr\/wp-json\/wp\/v2\/media\/516"}],"wp:attachment":[{"href":"https:\/\/biomania.hr\/hr\/wp-json\/wp\/v2\/media?parent=1921"}],"curies":[{"name":"wp","href":"https:\/\/api.w.org\/{rel}","templated":true}]}}