{"id":500,"date":"2021-04-21T10:46:13","date_gmt":"2021-04-21T08:46:13","guid":{"rendered":"https:\/\/biomania.hr\/?page_id=500"},"modified":"2025-03-24T12:35:09","modified_gmt":"2025-03-24T11:35:09","slug":"nasa-prica","status":"publish","type":"page","link":"https:\/\/biomania.hr\/hr\/nasa-prica\/","title":{"rendered":"Na\u0161a pri\u010da"},"content":{"rendered":"<p>Vjerujemo da ono \u0161to radimo danas oblikuje \u0161to nam donosi sutra. Sve \u0161to \u010dinimo &#8211; pa tako i sve \u0161to ne \u010dinimo &#8211; ima svoje posljedice. Ova uzro\u010dnost nas motivira da budemo bolji, pametniji u svojim odlukama te da u\u010dimo iz na\u0161ih iskustava.<\/p>\n<div class=\"entry-image\"><img loading=\"lazy\" decoding=\"async\" class=\"alignnone size-large wp-image-1838\" src=\"https:\/\/biomania.hr\/wp-content\/uploads\/2024\/06\/36007603-1024x684.jpg\" alt=\"\" width=\"800\" height=\"534\" srcset=\"https:\/\/biomania.hr\/wp-content\/uploads\/2024\/06\/36007603-1024x684.jpg 1024w, https:\/\/biomania.hr\/wp-content\/uploads\/2024\/06\/36007603-300x200.jpg 300w, https:\/\/biomania.hr\/wp-content\/uploads\/2024\/06\/36007603-768x513.jpg 768w, https:\/\/biomania.hr\/wp-content\/uploads\/2024\/06\/36007603-1536x1026.jpg 1536w, https:\/\/biomania.hr\/wp-content\/uploads\/2024\/06\/36007603-1200x800.jpg 1200w, https:\/\/biomania.hr\/wp-content\/uploads\/2024\/06\/36007603.jpg 1920w\" sizes=\"auto, (max-width: 800px) 100vw, 800px\" \/><\/div>\n<p>Mi smo isklju\u010divo organski, &#8216;od polja do stola&#8217; veganski restoran, smje\u0161ten u Bolu na prelijepom otoku Bra\u010du. Cilj nam je biti primjer odr\u017eivog ugostiteljstva pru\u017eaju\u0107i na\u0161im gostima hranu najvi\u0161e kvalitete koja je puno vi\u0161e od samo organske. Od iznimne va\u017enosti nam je graditi odnose s malim obiteljskim proizvo\u0111a\u010dima, imati vlastitu proizvodnju te prilago\u0111avati jelovnik sezonskim i lokalnim namirnicama specifi\u010dnim za ovaj prostor.<\/p>\n<figure id=\"attachment_1779\" aria-describedby=\"caption-attachment-1779\" style=\"width: 800px\" class=\"wp-caption alignnone\"><img loading=\"lazy\" decoding=\"async\" class=\"wp-image-1779 size-large\" src=\"https:\/\/biomania.hr\/wp-content\/uploads\/2024\/12\/3-1-1024x694.jpg\" alt=\"\" width=\"800\" height=\"542\" srcset=\"https:\/\/biomania.hr\/wp-content\/uploads\/2024\/12\/3-1-1024x694.jpg 1024w, https:\/\/biomania.hr\/wp-content\/uploads\/2024\/12\/3-1-300x203.jpg 300w, https:\/\/biomania.hr\/wp-content\/uploads\/2024\/12\/3-1-768x520.jpg 768w, https:\/\/biomania.hr\/wp-content\/uploads\/2024\/12\/3-1.jpg 1241w\" sizes=\"auto, (max-width: 800px) 100vw, 800px\" \/><figcaption id=\"caption-attachment-1779\" class=\"wp-caption-text\">BioMania bistro Zagreb<\/figcaption><\/figure>\n<p>Na\u0161a pri\u010da je na\u0161a interpretacija pri\u010de planete na kojoj \u017eivimo. Dajemo sve od sebe kako bi \u010duli njene potrebe i radili u skladu s njima. Uporaba biorazgradive ambala\u017ee te kompostiranje neki su od na\u010dina na koje integriramo cirkularne procese u na\u0161e operativne sustave. Rade\u0107i na svim frontama za dobrobit planete i zdravlja na\u0161ih gostiju, nadamo se pokazati &#8211; kako lokalnim tako i globalnim zajednicama &#8211; kako doprinijeti, primjenjuju\u0107i te principe, SADA.<\/p>\n<div class=\"entry-image\"><img loading=\"lazy\" decoding=\"async\" class=\"alignnone size-large wp-image-926\" src=\"https:\/\/biomania.hr\/wp-content\/uploads\/2022\/04\/biomania-bistro-1024x667.jpg\" alt=\"biomania bistro town centre\" width=\"800\" height=\"521\" srcset=\"https:\/\/biomania.hr\/wp-content\/uploads\/2022\/04\/biomania-bistro-1024x667.jpg 1024w, https:\/\/biomania.hr\/wp-content\/uploads\/2022\/04\/biomania-bistro-300x195.jpg 300w, https:\/\/biomania.hr\/wp-content\/uploads\/2022\/04\/biomania-bistro-768x500.jpg 768w, https:\/\/biomania.hr\/wp-content\/uploads\/2022\/04\/biomania-bistro.jpg 1478w\" sizes=\"auto, (max-width: 800px) 100vw, 800px\" \/><\/div>\n<p>BioMania pru\u017ea zdravo i moderno gastronomsko iskustvo ljudima okrenutim budu\u0107nosti, onima koji su spremni mijenjati svijet kroz principe odr\u017eivosti i za\u0161tite okoli\u0161a. Na\u0161a poruka je edukativna, ispunjena stra\u0161\u0107u kojom \u017eelimo pokazati kako budu\u0107nost hrane i ugostiteljstva mo\u017ee izgledati. \u017delja nam je da ti na\u0161a jela budu inspiracija.<\/p>\n","protected":false},"excerpt":{"rendered":"<p>Na\u0161a pri\u010da je zapo\u010dela 2018 sa \u017eeljom da budemo predvodnici promjene u percepciji zdrave prehrane i odr\u017eivog \u017eivljenja. Ako si nas upoznala\/o zna\u0161 da nam je \u017eelja inspirirati ljude i industriju da \u017eive u simbiozi s planetom. U dana\u0161nje vrijeme to je va\u017enije nego ikada prije. <\/p>\n","protected":false},"author":1,"featured_media":890,"parent":0,"menu_order":3,"comment_status":"closed","ping_status":"closed","template":"template-about.php","meta":{"_acf_changed":false,"inline_featured_image":false,"footnotes":""},"class_list":["post-500","page","type-page","status-publish","has-post-thumbnail","hentry"],"acf":[],"yoast_head":"<!-- This site is optimized with the Yoast SEO plugin v27.0 - https:\/\/yoast.com\/product\/yoast-seo-wordpress\/ -->\n<title>Na\u0161a pri\u010da - Biomania<\/title>\n<meta name=\"robots\" content=\"index, follow, max-snippet:-1, max-image-preview:large, max-video-preview:-1\" \/>\n<link rel=\"canonical\" href=\"https:\/\/biomania.hr\/hr\/nasa-prica\/\" \/>\n<meta property=\"og:locale\" content=\"hr_HR\" \/>\n<meta property=\"og:type\" content=\"article\" \/>\n<meta property=\"og:title\" content=\"Na\u0161a pri\u010da - Biomania\" \/>\n<meta property=\"og:description\" content=\"Na\u0161a pri\u010da je zapo\u010dela 2018 sa \u017eeljom da budemo predvodnici promjene u percepciji zdrave prehrane i odr\u017eivog \u017eivljenja. Ako si nas upoznala\/o zna\u0161 da nam je \u017eelja inspirirati ljude i industriju da \u017eive u simbiozi s planetom. U dana\u0161nje vrijeme to je va\u017enije nego ikada prije.\" \/>\n<meta property=\"og:url\" content=\"https:\/\/biomania.hr\/hr\/nasa-prica\/\" \/>\n<meta property=\"og:site_name\" content=\"Biomania\" \/>\n<meta property=\"article:modified_time\" content=\"2025-03-24T11:35:09+00:00\" \/>\n<meta property=\"og:image\" content=\"https:\/\/biomania.hr\/wp-content\/uploads\/2025\/03\/9.jpg\" \/>\n\t<meta property=\"og:image:width\" content=\"1920\" \/>\n\t<meta property=\"og:image:height\" content=\"1198\" \/>\n\t<meta property=\"og:image:type\" content=\"image\/jpeg\" \/>\n<meta name=\"twitter:card\" content=\"summary_large_image\" \/>\n<meta name=\"twitter:label1\" content=\"Procijenjeno vrijeme \u010ditanja\" \/>\n\t<meta name=\"twitter:data1\" content=\"2 minute\" \/>\n<script type=\"application\/ld+json\" class=\"yoast-schema-graph\">{\"@context\":\"https:\/\/schema.org\",\"@graph\":[{\"@type\":\"WebPage\",\"@id\":\"https:\/\/biomania.hr\/hr\/nasa-prica\/\",\"url\":\"https:\/\/biomania.hr\/hr\/nasa-prica\/\",\"name\":\"Na\u0161a pri\u010da - Biomania\",\"isPartOf\":{\"@id\":\"https:\/\/biomania.hr\/hr\/#website\"},\"primaryImageOfPage\":{\"@id\":\"https:\/\/biomania.hr\/hr\/nasa-prica\/#primaryimage\"},\"image\":{\"@id\":\"https:\/\/biomania.hr\/hr\/nasa-prica\/#primaryimage\"},\"thumbnailUrl\":\"https:\/\/biomania.hr\/wp-content\/uploads\/2022\/04\/209823767_781061782579987_8560821902691995584_n.avif\",\"datePublished\":\"2021-04-21T08:46:13+00:00\",\"dateModified\":\"2025-03-24T11:35:09+00:00\",\"breadcrumb\":{\"@id\":\"https:\/\/biomania.hr\/hr\/nasa-prica\/#breadcrumb\"},\"inLanguage\":\"hr\",\"potentialAction\":[{\"@type\":\"ReadAction\",\"target\":[\"https:\/\/biomania.hr\/hr\/nasa-prica\/\"]}]},{\"@type\":\"ImageObject\",\"inLanguage\":\"hr\",\"@id\":\"https:\/\/biomania.hr\/hr\/nasa-prica\/#primaryimage\",\"url\":\"https:\/\/biomania.hr\/wp-content\/uploads\/2022\/04\/209823767_781061782579987_8560821902691995584_n.avif\",\"contentUrl\":\"https:\/\/biomania.hr\/wp-content\/uploads\/2022\/04\/209823767_781061782579987_8560821902691995584_n.avif\",\"width\":1600,\"height\":1200,\"caption\":\"Biomania Bistro Bol Center\"},{\"@type\":\"BreadcrumbList\",\"@id\":\"https:\/\/biomania.hr\/hr\/nasa-prica\/#breadcrumb\",\"itemListElement\":[{\"@type\":\"ListItem\",\"position\":1,\"name\":\"Home\",\"item\":\"https:\/\/biomania.hr\/hr\/\"},{\"@type\":\"ListItem\",\"position\":2,\"name\":\"Na\u0161a pri\u010da\"}]},{\"@type\":\"WebSite\",\"@id\":\"https:\/\/biomania.hr\/hr\/#website\",\"url\":\"https:\/\/biomania.hr\/hr\/\",\"name\":\"Biomania\",\"description\":\"Zdrava, veganska, organska hrana i namirnice\",\"publisher\":{\"@id\":\"https:\/\/biomania.hr\/hr\/#organization\"},\"potentialAction\":[{\"@type\":\"SearchAction\",\"target\":{\"@type\":\"EntryPoint\",\"urlTemplate\":\"https:\/\/biomania.hr\/hr\/?s={search_term_string}\"},\"query-input\":{\"@type\":\"PropertyValueSpecification\",\"valueRequired\":true,\"valueName\":\"search_term_string\"}}],\"inLanguage\":\"hr\"},{\"@type\":\"Organization\",\"@id\":\"https:\/\/biomania.hr\/hr\/#organization\",\"name\":\"BioMania\",\"url\":\"https:\/\/biomania.hr\/hr\/\",\"logo\":{\"@type\":\"ImageObject\",\"inLanguage\":\"hr\",\"@id\":\"https:\/\/biomania.hr\/hr\/#\/schema\/logo\/image\/\",\"url\":\"https:\/\/biomania.hr\/wp-content\/uploads\/2022\/04\/logo.svg\",\"contentUrl\":\"https:\/\/biomania.hr\/wp-content\/uploads\/2022\/04\/logo.svg\",\"width\":302,\"height\":90,\"caption\":\"BioMania\"},\"image\":{\"@id\":\"https:\/\/biomania.hr\/hr\/#\/schema\/logo\/image\/\"}}]}<\/script>\n<!-- \/ Yoast SEO plugin. -->","yoast_head_json":{"title":"Na\u0161a pri\u010da - Biomania","robots":{"index":"index","follow":"follow","max-snippet":"max-snippet:-1","max-image-preview":"max-image-preview:large","max-video-preview":"max-video-preview:-1"},"canonical":"https:\/\/biomania.hr\/hr\/nasa-prica\/","og_locale":"hr_HR","og_type":"article","og_title":"Na\u0161a pri\u010da - Biomania","og_description":"Na\u0161a pri\u010da je zapo\u010dela 2018 sa \u017eeljom da budemo predvodnici promjene u percepciji zdrave prehrane i odr\u017eivog \u017eivljenja. Ako si nas upoznala\/o zna\u0161 da nam je \u017eelja inspirirati ljude i industriju da \u017eive u simbiozi s planetom. U dana\u0161nje vrijeme to je va\u017enije nego ikada prije.","og_url":"https:\/\/biomania.hr\/hr\/nasa-prica\/","og_site_name":"Biomania","article_modified_time":"2025-03-24T11:35:09+00:00","og_image":[{"width":1920,"height":1198,"url":"https:\/\/biomania.hr\/wp-content\/uploads\/2025\/03\/9.jpg","type":"image\/jpeg"}],"twitter_card":"summary_large_image","twitter_misc":{"Procijenjeno vrijeme \u010ditanja":"2 minute"},"schema":{"@context":"https:\/\/schema.org","@graph":[{"@type":"WebPage","@id":"https:\/\/biomania.hr\/hr\/nasa-prica\/","url":"https:\/\/biomania.hr\/hr\/nasa-prica\/","name":"Na\u0161a pri\u010da - Biomania","isPartOf":{"@id":"https:\/\/biomania.hr\/hr\/#website"},"primaryImageOfPage":{"@id":"https:\/\/biomania.hr\/hr\/nasa-prica\/#primaryimage"},"image":{"@id":"https:\/\/biomania.hr\/hr\/nasa-prica\/#primaryimage"},"thumbnailUrl":"https:\/\/biomania.hr\/wp-content\/uploads\/2022\/04\/209823767_781061782579987_8560821902691995584_n.avif","datePublished":"2021-04-21T08:46:13+00:00","dateModified":"2025-03-24T11:35:09+00:00","breadcrumb":{"@id":"https:\/\/biomania.hr\/hr\/nasa-prica\/#breadcrumb"},"inLanguage":"hr","potentialAction":[{"@type":"ReadAction","target":["https:\/\/biomania.hr\/hr\/nasa-prica\/"]}]},{"@type":"ImageObject","inLanguage":"hr","@id":"https:\/\/biomania.hr\/hr\/nasa-prica\/#primaryimage","url":"https:\/\/biomania.hr\/wp-content\/uploads\/2022\/04\/209823767_781061782579987_8560821902691995584_n.avif","contentUrl":"https:\/\/biomania.hr\/wp-content\/uploads\/2022\/04\/209823767_781061782579987_8560821902691995584_n.avif","width":1600,"height":1200,"caption":"Biomania Bistro Bol Center"},{"@type":"BreadcrumbList","@id":"https:\/\/biomania.hr\/hr\/nasa-prica\/#breadcrumb","itemListElement":[{"@type":"ListItem","position":1,"name":"Home","item":"https:\/\/biomania.hr\/hr\/"},{"@type":"ListItem","position":2,"name":"Na\u0161a pri\u010da"}]},{"@type":"WebSite","@id":"https:\/\/biomania.hr\/hr\/#website","url":"https:\/\/biomania.hr\/hr\/","name":"Biomania","description":"Zdrava, veganska, organska hrana i namirnice","publisher":{"@id":"https:\/\/biomania.hr\/hr\/#organization"},"potentialAction":[{"@type":"SearchAction","target":{"@type":"EntryPoint","urlTemplate":"https:\/\/biomania.hr\/hr\/?s={search_term_string}"},"query-input":{"@type":"PropertyValueSpecification","valueRequired":true,"valueName":"search_term_string"}}],"inLanguage":"hr"},{"@type":"Organization","@id":"https:\/\/biomania.hr\/hr\/#organization","name":"BioMania","url":"https:\/\/biomania.hr\/hr\/","logo":{"@type":"ImageObject","inLanguage":"hr","@id":"https:\/\/biomania.hr\/hr\/#\/schema\/logo\/image\/","url":"https:\/\/biomania.hr\/wp-content\/uploads\/2022\/04\/logo.svg","contentUrl":"https:\/\/biomania.hr\/wp-content\/uploads\/2022\/04\/logo.svg","width":302,"height":90,"caption":"BioMania"},"image":{"@id":"https:\/\/biomania.hr\/hr\/#\/schema\/logo\/image\/"}}]}},"_links":{"self":[{"href":"https:\/\/biomania.hr\/hr\/wp-json\/wp\/v2\/pages\/500","targetHints":{"allow":["GET"]}}],"collection":[{"href":"https:\/\/biomania.hr\/hr\/wp-json\/wp\/v2\/pages"}],"about":[{"href":"https:\/\/biomania.hr\/hr\/wp-json\/wp\/v2\/types\/page"}],"author":[{"embeddable":true,"href":"https:\/\/biomania.hr\/hr\/wp-json\/wp\/v2\/users\/1"}],"replies":[{"embeddable":true,"href":"https:\/\/biomania.hr\/hr\/wp-json\/wp\/v2\/comments?post=500"}],"version-history":[{"count":3,"href":"https:\/\/biomania.hr\/hr\/wp-json\/wp\/v2\/pages\/500\/revisions"}],"predecessor-version":[{"id":1850,"href":"https:\/\/biomania.hr\/hr\/wp-json\/wp\/v2\/pages\/500\/revisions\/1850"}],"wp:featuredmedia":[{"embeddable":true,"href":"https:\/\/biomania.hr\/hr\/wp-json\/wp\/v2\/media\/890"}],"wp:attachment":[{"href":"https:\/\/biomania.hr\/hr\/wp-json\/wp\/v2\/media?parent=500"}],"curies":[{"name":"wp","href":"https:\/\/api.w.org\/{rel}","templated":true}]}}