{"id":974,"date":"2022-05-01T09:36:35","date_gmt":"2022-05-01T07:36:35","guid":{"rendered":"https:\/\/biomania.hr\/?page_id=974"},"modified":"2022-05-11T09:47:40","modified_gmt":"2022-05-11T07:47:40","slug":"nasi-suradnici","status":"publish","type":"page","link":"https:\/\/biomania.hr\/hr\/nasi-suradnici\/","title":{"rendered":"Na\u0161i suradnici"},"content":{"rendered":"","protected":false},"excerpt":{"rendered":"<p>Osim vlastite proizvodnje namirnice nabavljamo od doma\u0107ih proizvo\u0111a\u010da s kojima dijelimo iste vrijednosti. Podr\u0161ku njima smatramo jako va\u017enim dijelom na\u0161e pri\u010de.<\/p>\n","protected":false},"author":1,"featured_media":895,"parent":0,"menu_order":8,"comment_status":"closed","ping_status":"closed","template":"template-partners.php","meta":{"_acf_changed":false,"inline_featured_image":false,"footnotes":""},"class_list":["post-974","page","type-page","status-publish","has-post-thumbnail","hentry"],"acf":[],"yoast_head":"<!-- This site is optimized with the Yoast SEO plugin v27.0 - https:\/\/yoast.com\/product\/yoast-seo-wordpress\/ -->\n<title>Na\u0161i suradnici - Biomania<\/title>\n<meta name=\"robots\" content=\"index, follow, max-snippet:-1, max-image-preview:large, max-video-preview:-1\" \/>\n<link rel=\"canonical\" href=\"https:\/\/biomania.hr\/hr\/nasi-suradnici\/\" \/>\n<meta property=\"og:locale\" content=\"hr_HR\" \/>\n<meta property=\"og:type\" content=\"article\" \/>\n<meta property=\"og:title\" content=\"Na\u0161i suradnici - Biomania\" \/>\n<meta property=\"og:description\" content=\"Osim vlastite proizvodnje namirnice nabavljamo od doma\u0107ih proizvo\u0111a\u010da s kojima dijelimo iste vrijednosti. Podr\u0161ku njima smatramo jako va\u017enim dijelom na\u0161e pri\u010de.\" \/>\n<meta property=\"og:url\" content=\"https:\/\/biomania.hr\/hr\/nasi-suradnici\/\" \/>\n<meta property=\"og:site_name\" content=\"Biomania\" \/>\n<meta property=\"article:modified_time\" content=\"2022-05-11T07:47:40+00:00\" \/>\n<meta property=\"og:image\" content=\"https:\/\/biomania.hr\/wp-content\/uploads\/2022\/04\/94356745_525816284771206_9181203768769773568_n.jpg\" \/>\n\t<meta property=\"og:image:width\" content=\"1824\" \/>\n\t<meta property=\"og:image:height\" content=\"1368\" \/>\n\t<meta property=\"og:image:type\" content=\"image\/jpeg\" \/>\n<meta name=\"twitter:card\" content=\"summary_large_image\" \/>\n<script type=\"application\/ld+json\" class=\"yoast-schema-graph\">{\"@context\":\"https:\/\/schema.org\",\"@graph\":[{\"@type\":\"WebPage\",\"@id\":\"https:\/\/biomania.hr\/hr\/nasi-suradnici\/\",\"url\":\"https:\/\/biomania.hr\/hr\/nasi-suradnici\/\",\"name\":\"Na\u0161i suradnici - Biomania\",\"isPartOf\":{\"@id\":\"https:\/\/biomania.hr\/hr\/#website\"},\"primaryImageOfPage\":{\"@id\":\"https:\/\/biomania.hr\/hr\/nasi-suradnici\/#primaryimage\"},\"image\":{\"@id\":\"https:\/\/biomania.hr\/hr\/nasi-suradnici\/#primaryimage\"},\"thumbnailUrl\":\"https:\/\/biomania.hr\/wp-content\/uploads\/2022\/04\/94356745_525816284771206_9181203768769773568_n.avif\",\"datePublished\":\"2022-05-01T07:36:35+00:00\",\"dateModified\":\"2022-05-11T07:47:40+00:00\",\"breadcrumb\":{\"@id\":\"https:\/\/biomania.hr\/hr\/nasi-suradnici\/#breadcrumb\"},\"inLanguage\":\"hr\",\"potentialAction\":[{\"@type\":\"ReadAction\",\"target\":[\"https:\/\/biomania.hr\/hr\/nasi-suradnici\/\"]}]},{\"@type\":\"ImageObject\",\"inLanguage\":\"hr\",\"@id\":\"https:\/\/biomania.hr\/hr\/nasi-suradnici\/#primaryimage\",\"url\":\"https:\/\/biomania.hr\/wp-content\/uploads\/2022\/04\/94356745_525816284771206_9181203768769773568_n.avif\",\"contentUrl\":\"https:\/\/biomania.hr\/wp-content\/uploads\/2022\/04\/94356745_525816284771206_9181203768769773568_n.avif\",\"width\":1824,\"height\":1368,\"caption\":\"Best restaurant in Bol by Tripadvisor\"},{\"@type\":\"BreadcrumbList\",\"@id\":\"https:\/\/biomania.hr\/hr\/nasi-suradnici\/#breadcrumb\",\"itemListElement\":[{\"@type\":\"ListItem\",\"position\":1,\"name\":\"Home\",\"item\":\"https:\/\/biomania.hr\/hr\/\"},{\"@type\":\"ListItem\",\"position\":2,\"name\":\"Na\u0161i suradnici\"}]},{\"@type\":\"WebSite\",\"@id\":\"https:\/\/biomania.hr\/hr\/#website\",\"url\":\"https:\/\/biomania.hr\/hr\/\",\"name\":\"Biomania\",\"description\":\"Zdrava, veganska, organska hrana i namirnice\",\"publisher\":{\"@id\":\"https:\/\/biomania.hr\/hr\/#organization\"},\"potentialAction\":[{\"@type\":\"SearchAction\",\"target\":{\"@type\":\"EntryPoint\",\"urlTemplate\":\"https:\/\/biomania.hr\/hr\/?s={search_term_string}\"},\"query-input\":{\"@type\":\"PropertyValueSpecification\",\"valueRequired\":true,\"valueName\":\"search_term_string\"}}],\"inLanguage\":\"hr\"},{\"@type\":\"Organization\",\"@id\":\"https:\/\/biomania.hr\/hr\/#organization\",\"name\":\"BioMania\",\"url\":\"https:\/\/biomania.hr\/hr\/\",\"logo\":{\"@type\":\"ImageObject\",\"inLanguage\":\"hr\",\"@id\":\"https:\/\/biomania.hr\/hr\/#\/schema\/logo\/image\/\",\"url\":\"https:\/\/biomania.hr\/wp-content\/uploads\/2022\/04\/logo.svg\",\"contentUrl\":\"https:\/\/biomania.hr\/wp-content\/uploads\/2022\/04\/logo.svg\",\"width\":302,\"height\":90,\"caption\":\"BioMania\"},\"image\":{\"@id\":\"https:\/\/biomania.hr\/hr\/#\/schema\/logo\/image\/\"}}]}<\/script>\n<!-- \/ Yoast SEO plugin. -->","yoast_head_json":{"title":"Na\u0161i suradnici - Biomania","robots":{"index":"index","follow":"follow","max-snippet":"max-snippet:-1","max-image-preview":"max-image-preview:large","max-video-preview":"max-video-preview:-1"},"canonical":"https:\/\/biomania.hr\/hr\/nasi-suradnici\/","og_locale":"hr_HR","og_type":"article","og_title":"Na\u0161i suradnici - Biomania","og_description":"Osim vlastite proizvodnje namirnice nabavljamo od doma\u0107ih proizvo\u0111a\u010da s kojima dijelimo iste vrijednosti. Podr\u0161ku njima smatramo jako va\u017enim dijelom na\u0161e pri\u010de.","og_url":"https:\/\/biomania.hr\/hr\/nasi-suradnici\/","og_site_name":"Biomania","article_modified_time":"2022-05-11T07:47:40+00:00","og_image":[{"width":1824,"height":1368,"url":"https:\/\/biomania.hr\/wp-content\/uploads\/2022\/04\/94356745_525816284771206_9181203768769773568_n.jpg","type":"image\/jpeg"}],"twitter_card":"summary_large_image","schema":{"@context":"https:\/\/schema.org","@graph":[{"@type":"WebPage","@id":"https:\/\/biomania.hr\/hr\/nasi-suradnici\/","url":"https:\/\/biomania.hr\/hr\/nasi-suradnici\/","name":"Na\u0161i suradnici - Biomania","isPartOf":{"@id":"https:\/\/biomania.hr\/hr\/#website"},"primaryImageOfPage":{"@id":"https:\/\/biomania.hr\/hr\/nasi-suradnici\/#primaryimage"},"image":{"@id":"https:\/\/biomania.hr\/hr\/nasi-suradnici\/#primaryimage"},"thumbnailUrl":"https:\/\/biomania.hr\/wp-content\/uploads\/2022\/04\/94356745_525816284771206_9181203768769773568_n.avif","datePublished":"2022-05-01T07:36:35+00:00","dateModified":"2022-05-11T07:47:40+00:00","breadcrumb":{"@id":"https:\/\/biomania.hr\/hr\/nasi-suradnici\/#breadcrumb"},"inLanguage":"hr","potentialAction":[{"@type":"ReadAction","target":["https:\/\/biomania.hr\/hr\/nasi-suradnici\/"]}]},{"@type":"ImageObject","inLanguage":"hr","@id":"https:\/\/biomania.hr\/hr\/nasi-suradnici\/#primaryimage","url":"https:\/\/biomania.hr\/wp-content\/uploads\/2022\/04\/94356745_525816284771206_9181203768769773568_n.avif","contentUrl":"https:\/\/biomania.hr\/wp-content\/uploads\/2022\/04\/94356745_525816284771206_9181203768769773568_n.avif","width":1824,"height":1368,"caption":"Best restaurant in Bol by Tripadvisor"},{"@type":"BreadcrumbList","@id":"https:\/\/biomania.hr\/hr\/nasi-suradnici\/#breadcrumb","itemListElement":[{"@type":"ListItem","position":1,"name":"Home","item":"https:\/\/biomania.hr\/hr\/"},{"@type":"ListItem","position":2,"name":"Na\u0161i suradnici"}]},{"@type":"WebSite","@id":"https:\/\/biomania.hr\/hr\/#website","url":"https:\/\/biomania.hr\/hr\/","name":"Biomania","description":"Zdrava, veganska, organska hrana i namirnice","publisher":{"@id":"https:\/\/biomania.hr\/hr\/#organization"},"potentialAction":[{"@type":"SearchAction","target":{"@type":"EntryPoint","urlTemplate":"https:\/\/biomania.hr\/hr\/?s={search_term_string}"},"query-input":{"@type":"PropertyValueSpecification","valueRequired":true,"valueName":"search_term_string"}}],"inLanguage":"hr"},{"@type":"Organization","@id":"https:\/\/biomania.hr\/hr\/#organization","name":"BioMania","url":"https:\/\/biomania.hr\/hr\/","logo":{"@type":"ImageObject","inLanguage":"hr","@id":"https:\/\/biomania.hr\/hr\/#\/schema\/logo\/image\/","url":"https:\/\/biomania.hr\/wp-content\/uploads\/2022\/04\/logo.svg","contentUrl":"https:\/\/biomania.hr\/wp-content\/uploads\/2022\/04\/logo.svg","width":302,"height":90,"caption":"BioMania"},"image":{"@id":"https:\/\/biomania.hr\/hr\/#\/schema\/logo\/image\/"}}]}},"_links":{"self":[{"href":"https:\/\/biomania.hr\/hr\/wp-json\/wp\/v2\/pages\/974","targetHints":{"allow":["GET"]}}],"collection":[{"href":"https:\/\/biomania.hr\/hr\/wp-json\/wp\/v2\/pages"}],"about":[{"href":"https:\/\/biomania.hr\/hr\/wp-json\/wp\/v2\/types\/page"}],"author":[{"embeddable":true,"href":"https:\/\/biomania.hr\/hr\/wp-json\/wp\/v2\/users\/1"}],"replies":[{"embeddable":true,"href":"https:\/\/biomania.hr\/hr\/wp-json\/wp\/v2\/comments?post=974"}],"version-history":[{"count":0,"href":"https:\/\/biomania.hr\/hr\/wp-json\/wp\/v2\/pages\/974\/revisions"}],"wp:featuredmedia":[{"embeddable":true,"href":"https:\/\/biomania.hr\/hr\/wp-json\/wp\/v2\/media\/895"}],"wp:attachment":[{"href":"https:\/\/biomania.hr\/hr\/wp-json\/wp\/v2\/media?parent=974"}],"curies":[{"name":"wp","href":"https:\/\/api.w.org\/{rel}","templated":true}]}}